{"id":644,"date":"2023-01-16T15:14:40","date_gmt":"2023-01-16T15:14:40","guid":{"rendered":"http:\/\/wellspring.mikado-themes.com\/?page_id=644"},"modified":"2024-05-12T19:59:33","modified_gmt":"2024-05-12T19:59:33","slug":"about-nicolas-roost","status":"publish","type":"page","link":"https:\/\/resilience-osteo.ch\/en\/about-nicolas-roost\/","title":{"rendered":"A propos"},"content":{"rendered":"<section class=\"wpb-content-wrapper\"><p>[vc_row content_width=&#8221;grid&#8221; content_aligment=&#8221;center&#8221; css=&#8221;.vc_custom_1674650316096{padding-bottom: 50px !important;}&#8221;][vc_column el_class=&#8221;page-title&#8221;]<div class=\"mkdf-section-title-holder\">\n\t<h2 class=\"mkdf-section-title\" style=\"color: #e3682e\">\n\tNicolas Roost<\/h2>\n<\/div>[vc_empty_space][vc_row_inner][vc_column_inner width=&#8221;1\/2&#8243; offset=&#8221;vc_col-lg-4 vc_col-md-4&#8243;][vc_single_image image=&#8221;3795&#8243; img_size=&#8221;full&#8221; alignment=&#8221;center&#8221; css=&#8221;.vc_custom_1673566848797{padding-bottom: 30px !important;}&#8221;][vc_column_text]<span lang=\"en-AU\"><strong>Notes<\/strong>: <\/span><\/p>\n<ul>\n<li><span lang=\"en-AU\">Nicolas\u2019 consultations can be carried out in either French or English <\/span><\/li>\n<li><span lang=\"en-AU\">Nicolas is a member of the Swiss Osteopathic Association (FSO) and is registered with RME (Registre des M\u00e9decines Empiriques)<\/span><\/li>\n<\/ul>\n<p>[\/vc_column_text][vc_empty_space large_laptop=&#8221;32px&#8221; laptop=&#8221;32px&#8221; tablet_landscape=&#8221;32px&#8221; tablet_portrait=&#8221;30px&#8221; phone_landscape=&#8221;20px&#8221; phone_portrait=&#8221;15px&#8221;][vc_single_image image=&#8221;4849&#8243; img_size=&#8221;full&#8221; alignment=&#8221;center&#8221; css=&#8221;.vc_custom_1674659034458{padding-bottom: 20px !important;}&#8221;][vc_empty_space height=&#8221;48px&#8221;][\/vc_column_inner][vc_column_inner width=&#8221;1\/2&#8243;][vc_column_text css_animation=&#8221;none&#8221; css=&#8221;.vc_custom_1715543968249{padding-left: 0px !important;}&#8221;]<\/p>\n<p style=\"text-align: left;\"><span lang=\"en-AU\">Nicolas trained and worked as an environmental engineer until his growing curiosity about the workings of the body and his eagerness to work closer to people triggered him to drastically change direction and become an osteopath. In 2010, he graduated from a 5-year university degree in osteopathy in Melbourne (Australia), where he worked with enthusiasm and success until he moved back to Switzerland in late 2022. Nicolas holds practice rights in Switzerland since 2022.<\/span><\/p>\n<p style=\"text-align: left;\"><span lang=\"en-AU\">Nicolas views osteopathy as a holistic manual medicine rather than a mere musculoskeletal therapy. He has a particular interest in chronic disorders, which often call for a more detailed look at the interface between our musculoskeletal system (our \u2018external shell\u2019) and more \u2018internal\u2019 tissues (our organs and associated nerves, vessels and fasciae). The diagnostic and treatment techniques Nicolas uses make his approach truly global. Being gentle and precise, his treatments are well suited to people of all ages. <\/span><\/p>\n<p style=\"text-align: left;\"><span lang=\"en-AU\">Nicolas is very dedicated to learning and regularly takes classes with, among others, world-renowned osteopath <strong>Jean-Pierre Barral<\/strong>. Nicolas is a certified practitioner of <a href=\"https:\/\/resilience-osteo.ch\/en\/osteopathy-visceral-manipulation\/\">visceral manipulation<\/a> (since 2019), and became certified by the Barral Institute in 2023 to teach visceral manipulation.<\/span><\/p>\n<p style=\"text-align: left;\"><span lang=\"en-AU\">Outside of work, Nicolas regularly practices yoga and meditation, and is a big fan of hiking (or skiing when there is good snow) and travelling.<\/span><\/p>\n<p>&nbsp;<\/p>\n<p style=\"text-align: left;\"><em><span lang=\"en-AU\">Nicolas is looking forward to working with you to help you overcome your key physical barriers, restore your resilience and access your full health potential.<\/span><\/em><\/p>\n<p>[\/vc_column_text][\/vc_column_inner][\/vc_row_inner][\/vc_column][\/vc_row]<\/p>\n<\/section>","protected":false},"excerpt":{"rendered":"<p>[vc_row content_width=&#8221;grid&#8221; content_aligment=&#8221;center&#8221; css=&#8221;.vc_custom_1674650316096{padding-bottom: 50px !important;}&#8221;][vc_column el_class=&#8221;page-title&#8221;][vc_empty_space][vc_row_inner][vc_column_inner width=&#8221;1\/2&#8243; offset=&#8221;vc_col-lg-4 vc_col-md-4&#8243;][vc_single_image image=&#8221;3795&#8243; img_size=&#8221;full&#8221; alignment=&#8221;center&#8221; css=&#8221;.vc_custom_1673566848797{padding-bottom: 30px !important;}&#8221;][vc_column_text]Notes: Nicolas\u2019 consultations can be carried out in either French or English Nicolas is a member of&#8230;<\/p>\n","protected":false},"author":1,"featured_media":3795,"parent":0,"menu_order":0,"comment_status":"closed","ping_status":"closed","template":"full-width.php","meta":{"footnotes":""},"class_list":["post-644","page","type-page","status-publish","has-post-thumbnail","hentry"],"yoast_head":"<!-- This site is optimized with the Yoast SEO plugin v19.14 - https:\/\/yoast.com\/wordpress\/plugins\/seo\/ -->\n<title>A propos - Resilience Osteo<\/title>\n<meta name=\"description\" content=\"Nicolas Roost graduated from an university degree in osteopathy in Melbourne in 2010, and gained practice rights in Switzerland in 2022.\" \/>\n<meta name=\"robots\" content=\"index, follow, max-snippet:-1, max-image-preview:large, max-video-preview:-1\" \/>\n<link rel=\"canonical\" href=\"https:\/\/resilience-osteo.ch\/en\/about-nicolas-roost\/\" \/>\n<meta property=\"og:locale\" content=\"en_US\" \/>\n<meta property=\"og:type\" content=\"article\" \/>\n<meta property=\"og:title\" content=\"A propos - Resilience Osteo\" \/>\n<meta property=\"og:description\" content=\"Nicolas Roost graduated from an university degree in osteopathy in Melbourne in 2010, and gained practice rights in Switzerland in 2022.\" \/>\n<meta property=\"og:url\" content=\"https:\/\/resilience-osteo.ch\/en\/about-nicolas-roost\/\" \/>\n<meta property=\"og:site_name\" content=\"Resilience Osteo\" \/>\n<meta property=\"article:modified_time\" content=\"2024-05-12T19:59:33+00:00\" \/>\n<meta property=\"og:image\" content=\"https:\/\/resilience-osteo.ch\/wp-content\/uploads\/2022\/12\/NR.jpg\" \/>\n\t<meta property=\"og:image:width\" content=\"398\" \/>\n\t<meta property=\"og:image:height\" content=\"439\" \/>\n\t<meta property=\"og:image:type\" content=\"image\/jpeg\" \/>\n<meta name=\"twitter:card\" content=\"summary_large_image\" \/>\n<meta name=\"twitter:label1\" content=\"Est. reading time\" \/>\n\t<meta name=\"twitter:data1\" content=\"2 minutes\" \/>\n<script type=\"application\/ld+json\" class=\"yoast-schema-graph\">{\"@context\":\"https:\/\/schema.org\",\"@graph\":[{\"@type\":\"WebPage\",\"@id\":\"https:\/\/resilience-osteo.ch\/en\/about-nicolas-roost\/\",\"url\":\"https:\/\/resilience-osteo.ch\/en\/about-nicolas-roost\/\",\"name\":\"A propos - Resilience Osteo\",\"isPartOf\":{\"@id\":\"https:\/\/resilience-osteo.ch\/#website\"},\"datePublished\":\"2023-01-16T15:14:40+00:00\",\"dateModified\":\"2024-05-12T19:59:33+00:00\",\"description\":\"Nicolas Roost graduated from an university degree in osteopathy in Melbourne in 2010, and gained practice rights in Switzerland in 2022.\",\"breadcrumb\":{\"@id\":\"https:\/\/resilience-osteo.ch\/en\/about-nicolas-roost\/#breadcrumb\"},\"inLanguage\":\"en-US\",\"potentialAction\":[{\"@type\":\"ReadAction\",\"target\":[\"https:\/\/resilience-osteo.ch\/en\/about-nicolas-roost\/\"]}]},{\"@type\":\"BreadcrumbList\",\"@id\":\"https:\/\/resilience-osteo.ch\/en\/about-nicolas-roost\/#breadcrumb\",\"itemListElement\":[{\"@type\":\"ListItem\",\"position\":1,\"name\":\"Home\",\"item\":\"https:\/\/resilience-osteo.ch\/en\/\"},{\"@type\":\"ListItem\",\"position\":2,\"name\":\"A propos\"}]},{\"@type\":\"WebSite\",\"@id\":\"https:\/\/resilience-osteo.ch\/#website\",\"url\":\"https:\/\/resilience-osteo.ch\/\",\"name\":\"Resilience Osteo\",\"description\":\"Cabinet d&#039;ost\u00e9opathie \u00e0 Coppet - Nicolas Roost, ost\u00e9opathe\",\"publisher\":{\"@id\":\"https:\/\/resilience-osteo.ch\/#organization\"},\"potentialAction\":[{\"@type\":\"SearchAction\",\"target\":{\"@type\":\"EntryPoint\",\"urlTemplate\":\"https:\/\/resilience-osteo.ch\/?s={search_term_string}\"},\"query-input\":\"required name=search_term_string\"}],\"inLanguage\":\"en-US\"},{\"@type\":\"Organization\",\"@id\":\"https:\/\/resilience-osteo.ch\/#organization\",\"name\":\"Resilience Osteo\",\"url\":\"https:\/\/resilience-osteo.ch\/\",\"logo\":{\"@type\":\"ImageObject\",\"inLanguage\":\"en-US\",\"@id\":\"https:\/\/resilience-osteo.ch\/#\/schema\/logo\/image\/\",\"url\":\"https:\/\/resilience-osteo.ch\/wp-content\/uploads\/2022\/12\/logo-resilience-osteo-2.png\",\"contentUrl\":\"https:\/\/resilience-osteo.ch\/wp-content\/uploads\/2022\/12\/logo-resilience-osteo-2.png\",\"width\":563,\"height\":201,\"caption\":\"Resilience Osteo\"},\"image\":{\"@id\":\"https:\/\/resilience-osteo.ch\/#\/schema\/logo\/image\/\"}}]}<\/script>\n<!-- \/ Yoast SEO plugin. -->","yoast_head_json":{"title":"A propos - Resilience Osteo","description":"Nicolas Roost graduated from an university degree in osteopathy in Melbourne in 2010, and gained practice rights in Switzerland in 2022.","robots":{"index":"index","follow":"follow","max-snippet":"max-snippet:-1","max-image-preview":"max-image-preview:large","max-video-preview":"max-video-preview:-1"},"canonical":"https:\/\/resilience-osteo.ch\/en\/about-nicolas-roost\/","og_locale":"en_US","og_type":"article","og_title":"A propos - Resilience Osteo","og_description":"Nicolas Roost graduated from an university degree in osteopathy in Melbourne in 2010, and gained practice rights in Switzerland in 2022.","og_url":"https:\/\/resilience-osteo.ch\/en\/about-nicolas-roost\/","og_site_name":"Resilience Osteo","article_modified_time":"2024-05-12T19:59:33+00:00","og_image":[{"width":398,"height":439,"url":"https:\/\/resilience-osteo.ch\/wp-content\/uploads\/2022\/12\/NR.jpg","type":"image\/jpeg"}],"twitter_card":"summary_large_image","twitter_misc":{"Est. reading time":"2 minutes"},"schema":{"@context":"https:\/\/schema.org","@graph":[{"@type":"WebPage","@id":"https:\/\/resilience-osteo.ch\/en\/about-nicolas-roost\/","url":"https:\/\/resilience-osteo.ch\/en\/about-nicolas-roost\/","name":"A propos - Resilience Osteo","isPartOf":{"@id":"https:\/\/resilience-osteo.ch\/#website"},"datePublished":"2023-01-16T15:14:40+00:00","dateModified":"2024-05-12T19:59:33+00:00","description":"Nicolas Roost graduated from an university degree in osteopathy in Melbourne in 2010, and gained practice rights in Switzerland in 2022.","breadcrumb":{"@id":"https:\/\/resilience-osteo.ch\/en\/about-nicolas-roost\/#breadcrumb"},"inLanguage":"en-US","potentialAction":[{"@type":"ReadAction","target":["https:\/\/resilience-osteo.ch\/en\/about-nicolas-roost\/"]}]},{"@type":"BreadcrumbList","@id":"https:\/\/resilience-osteo.ch\/en\/about-nicolas-roost\/#breadcrumb","itemListElement":[{"@type":"ListItem","position":1,"name":"Home","item":"https:\/\/resilience-osteo.ch\/en\/"},{"@type":"ListItem","position":2,"name":"A propos"}]},{"@type":"WebSite","@id":"https:\/\/resilience-osteo.ch\/#website","url":"https:\/\/resilience-osteo.ch\/","name":"Resilience Osteo","description":"Cabinet d&#039;ost\u00e9opathie \u00e0 Coppet - Nicolas Roost, ost\u00e9opathe","publisher":{"@id":"https:\/\/resilience-osteo.ch\/#organization"},"potentialAction":[{"@type":"SearchAction","target":{"@type":"EntryPoint","urlTemplate":"https:\/\/resilience-osteo.ch\/?s={search_term_string}"},"query-input":"required name=search_term_string"}],"inLanguage":"en-US"},{"@type":"Organization","@id":"https:\/\/resilience-osteo.ch\/#organization","name":"Resilience Osteo","url":"https:\/\/resilience-osteo.ch\/","logo":{"@type":"ImageObject","inLanguage":"en-US","@id":"https:\/\/resilience-osteo.ch\/#\/schema\/logo\/image\/","url":"https:\/\/resilience-osteo.ch\/wp-content\/uploads\/2022\/12\/logo-resilience-osteo-2.png","contentUrl":"https:\/\/resilience-osteo.ch\/wp-content\/uploads\/2022\/12\/logo-resilience-osteo-2.png","width":563,"height":201,"caption":"Resilience Osteo"},"image":{"@id":"https:\/\/resilience-osteo.ch\/#\/schema\/logo\/image\/"}}]}},"_links":{"self":[{"href":"https:\/\/resilience-osteo.ch\/en\/wp-json\/wp\/v2\/pages\/644","targetHints":{"allow":["GET"]}}],"collection":[{"href":"https:\/\/resilience-osteo.ch\/en\/wp-json\/wp\/v2\/pages"}],"about":[{"href":"https:\/\/resilience-osteo.ch\/en\/wp-json\/wp\/v2\/types\/page"}],"author":[{"embeddable":true,"href":"https:\/\/resilience-osteo.ch\/en\/wp-json\/wp\/v2\/users\/1"}],"replies":[{"embeddable":true,"href":"https:\/\/resilience-osteo.ch\/en\/wp-json\/wp\/v2\/comments?post=644"}],"version-history":[{"count":86,"href":"https:\/\/resilience-osteo.ch\/en\/wp-json\/wp\/v2\/pages\/644\/revisions"}],"predecessor-version":[{"id":5304,"href":"https:\/\/resilience-osteo.ch\/en\/wp-json\/wp\/v2\/pages\/644\/revisions\/5304"}],"wp:featuredmedia":[{"embeddable":true,"href":"https:\/\/resilience-osteo.ch\/en\/wp-json\/wp\/v2\/media\/3795"}],"wp:attachment":[{"href":"https:\/\/resilience-osteo.ch\/en\/wp-json\/wp\/v2\/media?parent=644"}],"curies":[{"name":"wp","href":"https:\/\/api.w.org\/{rel}","templated":true}]}}