{"id":3507,"date":"2023-01-16T15:17:12","date_gmt":"2023-01-16T15:17:12","guid":{"rendered":"http:\/\/wellspring.mikado-themes.com\/?page_id=5"},"modified":"2026-01-01T16:58:27","modified_gmt":"2026-01-01T16:58:27","slug":"osteopathy-bilingual","status":"publish","type":"page","link":"https:\/\/resilience-osteo.ch\/en\/","title":{"rendered":"Home"},"content":{"rendered":"<section class=\"wpb-content-wrapper\"><p>[vc_row][vc_column][rev_slider_vc alias=&#8221;slider-home&#8221;][\/vc_column][\/vc_row][vc_row content_width=&#8221;grid&#8221; content_aligment=&#8221;center&#8221;][vc_column el_class=&#8221;page-title&#8221;]<div class=\"mkdf-section-title-holder\">\n\t<h2 class=\"mkdf-section-title\" style=\"color: #e3682e;text-align: center\">\n\tQuality osteopathic care for the whole family in the heart of Terre Sainte<\/h2>\n<\/div><div class=\"mkdf-section-subtitle-holder\" >\n\t<p style=\"color: #44322c\" class=\"mkdf-section-subtitle\">At Resilience Osteo, we take a truly global approach to osteopathy<\/p>\n<\/div>[\/vc_column][\/vc_row][vc_row content_width=&#8221;grid&#8221; content_aligment=&#8221;center&#8221; css=&#8221;.vc_custom_1672989285618{padding-top: 68px !important;padding-bottom: 101px !important;}&#8221;][vc_column width=&#8221;1\/3&#8243;]<div class=\"mkdf-animations-holder mkdf-element-from-fade\" data-animation=\"mkdf-element-from-fade\">\n\t<div style=\"transition-delay: 200ms;-webkit-animation-delay: 200ms;animation-delay: 200ms;animation-duration: 700ms;-webkit-animation-duration: 700ms;-moz-animation-duration: 700ms\">\n\t\t<div class=\"mkdf-iwt clearfix mkdf-iwt-icon-top mkdf-iwt-icon-tiny\">\n    <div class=\"mkdf-iwt-icon-holder\">\n                    <img decoding=\"async\" src=\"https:\/\/resilience-osteo.ch\/wp-content\/uploads\/2022\/12\/osteo-small.svg\" class=\"attachment-full size-full\" alt=\"\" \/>            <\/div>\n    <div class=\"mkdf-iwt-content-holder\" >\n        <div class=\"mkdf-iwt-title-holder\">\n            <h4 style=\"text-transform: capitalize;font-weight: 700\"><\/h4>\n        <\/div>\n        <div class=\"mkdf-iwt-text-holder\">\n            <p >Combining articular, visceral, cranial and other techniques to best meet your specific needs and support your journey toward resilience and health.<\/p>\n\n                    <\/div>\n    <\/div>\n<\/div>\t<\/div>\n\n<\/div>[vc_empty_space height=&#8221;30&#8243;][\/vc_column][vc_column width=&#8221;1\/3&#8243;]<div class=\"mkdf-animations-holder mkdf-element-from-fade\" data-animation=\"mkdf-element-from-fade\">\n\t<div style=\"transition-delay: 400ms;-webkit-animation-delay: 400ms;animation-delay: 400ms;animation-duration: 700ms;-webkit-animation-duration: 700ms;-moz-animation-duration: 700ms\">\n\t\t<div class=\"mkdf-iwt clearfix mkdf-iwt-icon-top mkdf-iwt-icon-tiny\">\n    <div class=\"mkdf-iwt-icon-holder\">\n                    <img decoding=\"async\" src=\"https:\/\/resilience-osteo.ch\/wp-content\/uploads\/2022\/12\/age-small.svg\" class=\"attachment-full size-full\" alt=\"\" \/>            <\/div>\n    <div class=\"mkdf-iwt-content-holder\" >\n        <div class=\"mkdf-iwt-title-holder\">\n            <h4 style=\"text-transform: capitalize;font-weight: 700\"><\/h4>\n        <\/div>\n        <div class=\"mkdf-iwt-text-holder\">\n            <p >Our approach, characterized by its gentleness and precision, is suitable for all ages.<\/p>\n\n                    <\/div>\n    <\/div>\n<\/div>\t<\/div>\n\n<\/div>[vc_empty_space height=&#8221;30&#8243;][\/vc_column][vc_column width=&#8221;1\/3&#8243;]<div class=\"mkdf-animations-holder mkdf-element-from-fade\" data-animation=\"mkdf-element-from-fade\">\n\t<div style=\"transition-delay: 600ms;-webkit-animation-delay: 600ms;animation-delay: 600ms;animation-duration: 700ms;-webkit-animation-duration: 700ms;-moz-animation-duration: 700ms\">\n\t\t<div class=\"mkdf-iwt clearfix mkdf-iwt-icon-top mkdf-iwt-icon-tiny\">\n    <div class=\"mkdf-iwt-icon-holder\">\n                    <img decoding=\"async\" src=\"https:\/\/resilience-osteo.ch\/wp-content\/uploads\/2022\/12\/speak.svg\" class=\"attachment-full size-full\" alt=\"\" \/>            <\/div>\n    <div class=\"mkdf-iwt-content-holder\" >\n        <div class=\"mkdf-iwt-title-holder\">\n            <h4 style=\"text-transform: capitalize;font-weight: 700\"><\/h4>\n        <\/div>\n        <div class=\"mkdf-iwt-text-holder\">\n            <p >Nicolas Roost is fluent in both French and English, and you can consult him in either language.<\/p>\n\n                    <\/div>\n    <\/div>\n<\/div>\t<\/div>\n\n<\/div>[vc_empty_space height=&#8221;30&#8243;][\/vc_column][\/vc_row][vc_row content_aligment=&#8221;center&#8221; css=&#8221;.vc_custom_1673623996174{padding-bottom: 50px !important;}&#8221;][vc_column css=&#8221;.vc_custom_1674049593979{padding-right: 5px !important;padding-left: 5px !important;}&#8221;]<div class=\"mkdf-elements-holder mkdf-three-columns mkdf-responsive-mode-768\" ><div class=\"mkdf-info-box-holder\">\n\n\t<div class=\"mkdf-info-box-inner\">\n\t\t<div class=\"mkdf-ib-front-holder\">\n\t\t\t<div class=\"mkdf-ib-front-holder-inner\">\n\t\t\t\t<div class=\"mkdf-ib-top-holder\">\n\t\t\t\t\t\t\t\t\t\t\t<div class=\"mkdf-ib-icon-holder\">\n\t\t\t\t\t\t\t<i class=\"mkdf-icon-linear-icon lnr lnr-user \" style=\"\" ><\/i>\t\t\t\t\t\t<\/div>\n\t\t\t\t\t\n\t\t\t\t\t\t\t\t\t\t\t<div class=\"mkdf-ib-title-holder\">\n\t\t\t\t\t\t\t<h2 class=\"mkdf-ib-title\">More about Nicolas Roost<\/h2>\n\t\t\t\t\t\t<\/div>\n\t\t\t\t\t\t\t\t\t<\/div>\n\n\t\t\t\t<div class=\"mkdf-ib-bottom-holder\">\n\t\t\t\t\t\t\t\t\t\t\t<div class=\"mkdf-ib-text-holder\">\n\t\t\t\t\t\t\t<p>The diagnostic and treatment techniques Nicolas uses make his approach truly global. Being very gentle and precise, his treatments are well suited to people of all ages.<\/p>\n\t\t\t\t\t\t<\/div>\n\t\t\t\t\t\n\t\t\t\t\t\t\t\t\t\t\t<div class=\"mkdf-ib-button-holder\">\n\t\t\t\t\t\t\t<a href=\"https:\/\/resilience-osteo.ch\/en\/about-nicolas-roost\/\" target=\"_self\"  class=\"mkdf-btn mkdf-btn-small mkdf-btn-white mkdf-btn-hover-white-outline\"  >\t\t\t<span class=\"mkdf-btn-text\">Read more<\/span><\/a>\t\t\t\t\t\t<\/div>\n\t\t\t\t\t\t\t\t\t<\/div>\n\t\t\t<\/div>\n\n\t\t<\/div>\n\n\n\n\t\t<div class=\"mkdf-ib-overlay\" style=\"background-color: #799e89\"><\/div>\n\t<\/div>\n<\/div><div class=\"mkdf-info-box-holder\">\n\n\t<div class=\"mkdf-info-box-inner\">\n\t\t<div class=\"mkdf-ib-front-holder\">\n\t\t\t<div class=\"mkdf-ib-front-holder-inner\">\n\t\t\t\t<div class=\"mkdf-ib-top-holder\">\n\t\t\t\t\t\t\t\t\t\t\t<div class=\"mkdf-ib-icon-holder\">\n\t\t\t\t\t\t\t<i class=\"mkdf-icon-linear-icon lnr lnr-hand \" style=\"\" ><\/i>\t\t\t\t\t\t<\/div>\n\t\t\t\t\t\n\t\t\t\t\t\t\t\t\t\t\t<div class=\"mkdf-ib-title-holder\">\n\t\t\t\t\t\t\t<h2 class=\"mkdf-ib-title\">More about osteopathy<\/h2>\n\t\t\t\t\t\t<\/div>\n\t\t\t\t\t\t\t\t\t<\/div>\n\n\t\t\t\t<div class=\"mkdf-ib-bottom-holder\">\n\t\t\t\t\t\t\t\t\t\t\t<div class=\"mkdf-ib-text-holder\">\n\t\t\t\t\t\t\t<p>Osteopathy uses structure as a handle on function, and places local dysfunctions in the context of the whole body<\/p>\n\t\t\t\t\t\t<\/div>\n\t\t\t\t\t\n\t\t\t\t\t\t\t\t\t\t\t<div class=\"mkdf-ib-button-holder\">\n\t\t\t\t\t\t\t<a href=\"https:\/\/resilience-osteo.ch\/en\/osteopathy-visceral-manipulation\/\" target=\"_self\"  class=\"mkdf-btn mkdf-btn-small mkdf-btn-white mkdf-btn-hover-white-outline\"  >\t\t\t<span class=\"mkdf-btn-text\">Read more<\/span><\/a>\t\t\t\t\t\t<\/div>\n\t\t\t\t\t\t\t\t\t<\/div>\n\t\t\t<\/div>\n\n\t\t<\/div>\n\n\n\n\t\t<div class=\"mkdf-ib-overlay\" style=\"background-color: #799e89\"><\/div>\n\t<\/div>\n<\/div><div class=\"mkdf-info-box-holder\">\n\n\t<div class=\"mkdf-info-box-inner\">\n\t\t<div class=\"mkdf-ib-front-holder\">\n\t\t\t<div class=\"mkdf-ib-front-holder-inner\">\n\t\t\t\t<div class=\"mkdf-ib-top-holder\">\n\t\t\t\t\t\t\t\t\t\t\t<div class=\"mkdf-ib-icon-holder\">\n\t\t\t\t\t\t\t<i class=\"mkdf-icon-linear-icon lnr lnr-menu \" style=\"\" ><\/i>\t\t\t\t\t\t<\/div>\n\t\t\t\t\t\n\t\t\t\t\t\t\t\t\t\t\t<div class=\"mkdf-ib-title-holder\">\n\t\t\t\t\t\t\t<h2 class=\"mkdf-ib-title\">Our treatments and rates<\/h2>\n\t\t\t\t\t\t<\/div>\n\t\t\t\t\t\t\t\t\t<\/div>\n\n\t\t\t\t<div class=\"mkdf-ib-bottom-holder\">\n\t\t\t\t\t\t\t\t\t\t\t<div class=\"mkdf-ib-text-holder\">\n\t\t\t\t\t\t\t<p>Our consultations generally last 45 minutes and are charged at CHF 130.- A refund may be available through your complementary health cover<\/p>\n\t\t\t\t\t\t<\/div>\n\t\t\t\t\t\n\t\t\t\t\t\t\t\t\t\t\t<div class=\"mkdf-ib-button-holder\">\n\t\t\t\t\t\t\t<a href=\"https:\/\/resilience-osteo.ch\/en\/treatments-and-rates\/\" target=\"_self\"  class=\"mkdf-btn mkdf-btn-small mkdf-btn-white mkdf-btn-hover-white-outline\"  >\t\t\t<span class=\"mkdf-btn-text\">Read more<\/span><\/a>\t\t\t\t\t\t<\/div>\n\t\t\t\t\t\t\t\t\t<\/div>\n\t\t\t<\/div>\n\n\t\t<\/div>\n\n\n\n\t\t<div class=\"mkdf-ib-overlay\" style=\"background-color: #799e89\"><\/div>\n\t<\/div>\n<\/div><\/div>[\/vc_column][\/vc_row][vc_row content_width=&#8221;grid&#8221; css=&#8221;.vc_custom_1674652984728{border-top-width: 1px !important;border-right-width: 0px !important;border-bottom-width: 0px !important;border-left-width: 0px !important;padding-top: 75px !important;padding-bottom: 50px !important;background-color: #ffffff !important;border-left-color: #f2f2f2 !important;border-left-style: none !important;border-right-color: #f2f2f2 !important;border-right-style: none !important;border-top-color: #f2f2f2 !important;border-top-style: none !important;border-bottom-color: #f2f2f2 !important;border-bottom-style: none !important;}&#8221;][vc_column]<div class=\"mkdf-tabs mkdf-vertical mkdf-tab-text clearfix\">\n\t<ul class=\"mkdf-tabs-nav\">\n\t\t\t\t\t<li>\n\t\t\t\t<a href=\"#tab-acute-and-chronic-pains\">\n\t\t\t\t\tAcute and chronic pains\t\t\t\t<\/a>\n\t\t\t<\/li>\n\t\t\t\t\t<li>\n\t\t\t\t<a href=\"#tab-common-functional-disorders\">\n\t\t\t\t\tCommon functional disorders\t\t\t\t<\/a>\n\t\t\t<\/li>\n\t\t\t\t\t<li>\n\t\t\t\t<a href=\"#tab-recovery-from-trauma\">\n\t\t\t\t\tRecovery from trauma\t\t\t\t<\/a>\n\t\t\t<\/li>\n\t\t\t\t\t<li>\n\t\t\t\t<a href=\"#tab-prevention\">\n\t\t\t\t\tPrevention\t\t\t\t<\/a>\n\t\t\t<\/li>\n\t\t\t<\/ul>\n\t<div class=\"mkdf-tab-container mkdf-tab-image\" style=\"background-image: url(https:\/\/resilience-osteo.ch\/wp-content\/uploads\/2023\/01\/back-pain-icon.jpg)\" id=\"tab-acute-and-chronic-pains\" data-icon-pack=\"font_awesome\" data-icon-html=\"&lt;i class=&quot;mkdf-icon-font-awesome fa  &quot; &gt;&lt;\/i&gt;\">\n\t[vc_empty_space height=&#8221;20&#8243;]<div class=\"mkdf-section-title-holder\">\n\t<h2 class=\"mkdf-section-title mkdf-section-title-medium\" style=\"text-align: left\">\n\tAcute and chronic pains<\/h2>\n<\/div><div class=\"mkdf-section-subtitle-holder mkdf-section-subtitle-left\" >\n\t<p style=\"text-align: left\" class=\"mkdf-section-subtitle\">Osteopathy allows to free the tensions often found at the origin of painful mechanical problems. This may help relieve pain in joints, muscles and any other affected tissue in the body.<\/p>\n<\/div>[vc_empty_space height=&#8221;40&#8243;]<div  class=\"mkdf-icon-list-item mkdf-icon-list-item-default-font-family\">\n\t<div class=\"mkdf-icon-list-icon-holder\">\n        <div class=\"mkdf-icon-list-icon-holder-inner clearfix\">\n\t\t\t<span aria-hidden=\"true\" class=\"mkdf-icon-font-elegant icon_check \" style=\"color:#4fbf70;font-size:18px\" ><\/span>\t\t<\/div>\n\t<\/div>\n\t<p class=\"mkdf-icon-list-text\"  > Natural, drug-free pain-relief<\/p>\n<\/div><div  class=\"mkdf-icon-list-item mkdf-icon-list-item-default-font-family\">\n\t<div class=\"mkdf-icon-list-icon-holder\">\n        <div class=\"mkdf-icon-list-icon-holder-inner clearfix\">\n\t\t\t<span aria-hidden=\"true\" class=\"mkdf-icon-font-elegant icon_check \" style=\"color:#4fbf70;font-size:18px\" ><\/span>\t\t<\/div>\n\t<\/div>\n\t<p class=\"mkdf-icon-list-text\"  > Targeting the root causes, not just treating symptoms<\/p>\n<\/div>[vc_empty_space height=&#8221;100px&#8221;]<\/div>\t\n\n<div class=\"mkdf-tab-container mkdf-tab-image\" style=\"background-image: url(https:\/\/resilience-osteo.ch\/wp-content\/uploads\/2023\/01\/bloated-full.jpg)\" id=\"tab-common-functional-disorders\" data-icon-pack=\"font_awesome\" data-icon-html=\"&lt;i class=&quot;mkdf-icon-font-awesome fa  &quot; &gt;&lt;\/i&gt;\">\n\t[vc_empty_space height=&#8221;20&#8243;]<div class=\"mkdf-section-title-holder\">\n\t<h2 class=\"mkdf-section-title mkdf-section-title-medium\" style=\"text-align: left\">\n\tCommon functional disorders<\/h2>\n<\/div><div class=\"mkdf-section-subtitle-holder mkdf-section-subtitle-left\" >\n\t<p style=\"text-align: left\" class=\"mkdf-section-subtitle\">Osteopathy can play a key role to help address a broad range of functional disorders (where dysfunction exists without any clearly identified pathology). Examples include gastro-intestinal dysfunction such as bloating or reflux, urogenital dysfunction such as period pain or urinary urgency, and cardiorespiratory dysfunction such as breathing difficulties or palpitations.<\/p>\n<\/div>[vc_empty_space height=&#8221;100px&#8221;]<\/div>\t\n\n<div class=\"mkdf-tab-container mkdf-tab-image\" style=\"background-image: url(https:\/\/resilience-osteo.ch\/wp-content\/uploads\/2023\/01\/recovery.jpg)\" id=\"tab-recovery-from-trauma\" data-icon-pack=\"font_awesome\" data-icon-html=\"&lt;i class=&quot;mkdf-icon-font-awesome fa  &quot; &gt;&lt;\/i&gt;\">\n\t[vc_empty_space height=&#8221;20&#8243;]<div class=\"mkdf-section-title-holder\">\n\t<h2 class=\"mkdf-section-title mkdf-section-title-medium\" style=\"text-align: left\">\n\tRecovery from trauma<\/h2>\n<\/div><div class=\"mkdf-section-subtitle-holder mkdf-section-subtitle-left\" >\n\t<p style=\"text-align: left\" class=\"mkdf-section-subtitle\">Whether from a car accident, a fall or a sporting injury, any physical trauma leaves an imprint in the body. Injured tissues lose their normal mobility and the resulting compensatory changes can lead to symptoms even years down the track. Osteopathy helps bring back balance and resilience by restoring the mobility of injured tissues.<\/p>\n<\/div>[vc_empty_space height=&#8221;100px&#8221;]<\/div>\t\n\n<div class=\"mkdf-tab-container mkdf-tab-image\" style=\"background-image: url(https:\/\/resilience-osteo.ch\/wp-content\/uploads\/2023\/01\/shield-icon.jpg)\" id=\"tab-prevention\" data-icon-pack=\"font_awesome\" data-icon-html=\"&lt;i class=&quot;mkdf-icon-font-awesome fa  &quot; &gt;&lt;\/i&gt;\">\n\t[vc_empty_space height=&#8221;20&#8243;]<div class=\"mkdf-section-title-holder\">\n\t<h2 class=\"mkdf-section-title mkdf-section-title-medium\" style=\"text-align: left\">\n\tPrevention<\/h2>\n<\/div><div class=\"mkdf-section-subtitle-holder mkdf-section-subtitle-left\" >\n\t<p style=\"text-align: left\" class=\"mkdf-section-subtitle\">Osteopathy can be a key element of health prevention. It helps to maintain tensions to the lowest possible level so that the body retains its capacity to adjust to life\u2019s stresses without developing dysfunction and pain. This is what resilience is all about! For someone in good health, prevention may involve a treatment every 6 months or so. In a period of high stress (either physical or emotional), a treatment every month or 2 may be more suitable.<\/p>\n<\/div>[vc_empty_space height=&#8221;100px&#8221;]<\/div>\t\n\n<\/div>\n\n[\/vc_column][\/vc_row]<\/p>\n<\/section>","protected":false},"excerpt":{"rendered":"<p>[vc_row][vc_column][rev_slider_vc alias=&#8221;slider-home&#8221;][\/vc_column][\/vc_row][vc_row content_width=&#8221;grid&#8221; content_aligment=&#8221;center&#8221;][vc_column el_class=&#8221;page-title&#8221;][\/vc_column][\/vc_row][vc_row content_width=&#8221;grid&#8221; content_aligment=&#8221;center&#8221; css=&#8221;.vc_custom_1672989285618{padding-top: 68px !important;padding-bottom: 101px !important;}&#8221;][vc_column width=&#8221;1\/3&#8243;][vc_empty_space height=&#8221;30&#8243;][\/vc_column][vc_column width=&#8221;1\/3&#8243;][vc_empty_space height=&#8221;30&#8243;][\/vc_column][vc_column width=&#8221;1\/3&#8243;][vc_empty_space height=&#8221;30&#8243;][\/vc_column][\/vc_row][vc_row content_aligment=&#8221;center&#8221; css=&#8221;.vc_custom_1673623996174{padding-bottom: 50px !important;}&#8221;][vc_column css=&#8221;.vc_custom_1674049593979{padding-right: 5px !important;padding-left: 5px !important;}&#8221;][\/vc_column][\/vc_row][vc_row content_width=&#8221;grid&#8221; css=&#8221;.vc_custom_1674652984728{border-top-width: 1px !important;border-right-width: 0px&#8230;<\/p>\n","protected":false},"author":1,"featured_media":4021,"parent":0,"menu_order":0,"comment_status":"closed","ping_status":"closed","template":"full-width.php","meta":{"footnotes":""},"class_list":["post-3507","page","type-page","status-publish","has-post-thumbnail","hentry"],"yoast_head":"<!-- This site is optimized with the Yoast SEO plugin v19.14 - https:\/\/yoast.com\/wordpress\/plugins\/seo\/ -->\n<title>Home - Resilience Osteo<\/title>\n<meta name=\"description\" content=\"Osteopathy can be a key element of health. It helps to maintain tensions to the lowest possible level so that the body retains its capacity to adjust to life\u2019s stresses without developing dysfunction and pain.\" \/>\n<meta name=\"robots\" content=\"index, follow, max-snippet:-1, max-image-preview:large, max-video-preview:-1\" \/>\n<link rel=\"canonical\" href=\"https:\/\/resilience-osteo.ch\/en\/\" \/>\n<meta property=\"og:locale\" content=\"en_US\" \/>\n<meta property=\"og:type\" content=\"article\" \/>\n<meta property=\"og:title\" content=\"Home - Resilience Osteo\" \/>\n<meta property=\"og:description\" content=\"Osteopathy can be a key element of health. It helps to maintain tensions to the lowest possible level so that the body retains its capacity to adjust to life\u2019s stresses without developing dysfunction and pain.\" \/>\n<meta property=\"og:url\" content=\"https:\/\/resilience-osteo.ch\/en\/\" \/>\n<meta property=\"og:site_name\" content=\"Resilience Osteo\" \/>\n<meta property=\"article:modified_time\" content=\"2026-01-01T16:58:27+00:00\" \/>\n<meta property=\"og:image\" content=\"https:\/\/resilience-osteo.ch\/wp-content\/uploads\/2022\/12\/slider_back_square.jpg\" \/>\n\t<meta property=\"og:image:width\" content=\"700\" \/>\n\t<meta property=\"og:image:height\" content=\"700\" \/>\n\t<meta property=\"og:image:type\" content=\"image\/jpeg\" \/>\n<meta name=\"twitter:card\" content=\"summary_large_image\" \/>\n<meta name=\"twitter:label1\" content=\"Est. reading time\" \/>\n\t<meta name=\"twitter:data1\" content=\"3 minutes\" \/>\n<script type=\"application\/ld+json\" class=\"yoast-schema-graph\">{\"@context\":\"https:\/\/schema.org\",\"@graph\":[{\"@type\":\"WebPage\",\"@id\":\"https:\/\/resilience-osteo.ch\/en\/\",\"url\":\"https:\/\/resilience-osteo.ch\/en\/\",\"name\":\"Home - Resilience Osteo\",\"isPartOf\":{\"@id\":\"https:\/\/resilience-osteo.ch\/#website\"},\"datePublished\":\"2023-01-16T15:17:12+00:00\",\"dateModified\":\"2026-01-01T16:58:27+00:00\",\"description\":\"Osteopathy can be a key element of health. It helps to maintain tensions to the lowest possible level so that the body retains its capacity to adjust to life\u2019s stresses without developing dysfunction and pain.\",\"breadcrumb\":{\"@id\":\"https:\/\/resilience-osteo.ch\/en\/#breadcrumb\"},\"inLanguage\":\"en-US\",\"potentialAction\":[{\"@type\":\"ReadAction\",\"target\":[\"https:\/\/resilience-osteo.ch\/en\/\"]}]},{\"@type\":\"BreadcrumbList\",\"@id\":\"https:\/\/resilience-osteo.ch\/en\/#breadcrumb\",\"itemListElement\":[{\"@type\":\"ListItem\",\"position\":1,\"name\":\"Home\",\"item\":\"https:\/\/resilience-osteo.ch\/en\/\"},{\"@type\":\"ListItem\",\"position\":2,\"name\":\"Home\"}]},{\"@type\":\"WebSite\",\"@id\":\"https:\/\/resilience-osteo.ch\/#website\",\"url\":\"https:\/\/resilience-osteo.ch\/\",\"name\":\"Resilience Osteo\",\"description\":\"Cabinet d&#039;ost\u00e9opathie \u00e0 Coppet - Nicolas Roost, ost\u00e9opathe\",\"publisher\":{\"@id\":\"https:\/\/resilience-osteo.ch\/#organization\"},\"potentialAction\":[{\"@type\":\"SearchAction\",\"target\":{\"@type\":\"EntryPoint\",\"urlTemplate\":\"https:\/\/resilience-osteo.ch\/?s={search_term_string}\"},\"query-input\":\"required name=search_term_string\"}],\"inLanguage\":\"en-US\"},{\"@type\":\"Organization\",\"@id\":\"https:\/\/resilience-osteo.ch\/#organization\",\"name\":\"Resilience Osteo\",\"url\":\"https:\/\/resilience-osteo.ch\/\",\"logo\":{\"@type\":\"ImageObject\",\"inLanguage\":\"en-US\",\"@id\":\"https:\/\/resilience-osteo.ch\/#\/schema\/logo\/image\/\",\"url\":\"https:\/\/resilience-osteo.ch\/wp-content\/uploads\/2022\/12\/logo-resilience-osteo-2.png\",\"contentUrl\":\"https:\/\/resilience-osteo.ch\/wp-content\/uploads\/2022\/12\/logo-resilience-osteo-2.png\",\"width\":563,\"height\":201,\"caption\":\"Resilience Osteo\"},\"image\":{\"@id\":\"https:\/\/resilience-osteo.ch\/#\/schema\/logo\/image\/\"}}]}<\/script>\n<!-- \/ Yoast SEO plugin. -->","yoast_head_json":{"title":"Home - Resilience Osteo","description":"Osteopathy can be a key element of health. It helps to maintain tensions to the lowest possible level so that the body retains its capacity to adjust to life\u2019s stresses without developing dysfunction and pain.","robots":{"index":"index","follow":"follow","max-snippet":"max-snippet:-1","max-image-preview":"max-image-preview:large","max-video-preview":"max-video-preview:-1"},"canonical":"https:\/\/resilience-osteo.ch\/en\/","og_locale":"en_US","og_type":"article","og_title":"Home - Resilience Osteo","og_description":"Osteopathy can be a key element of health. It helps to maintain tensions to the lowest possible level so that the body retains its capacity to adjust to life\u2019s stresses without developing dysfunction and pain.","og_url":"https:\/\/resilience-osteo.ch\/en\/","og_site_name":"Resilience Osteo","article_modified_time":"2026-01-01T16:58:27+00:00","og_image":[{"width":700,"height":700,"url":"https:\/\/resilience-osteo.ch\/wp-content\/uploads\/2022\/12\/slider_back_square.jpg","type":"image\/jpeg"}],"twitter_card":"summary_large_image","twitter_misc":{"Est. reading time":"3 minutes"},"schema":{"@context":"https:\/\/schema.org","@graph":[{"@type":"WebPage","@id":"https:\/\/resilience-osteo.ch\/en\/","url":"https:\/\/resilience-osteo.ch\/en\/","name":"Home - Resilience Osteo","isPartOf":{"@id":"https:\/\/resilience-osteo.ch\/#website"},"datePublished":"2023-01-16T15:17:12+00:00","dateModified":"2026-01-01T16:58:27+00:00","description":"Osteopathy can be a key element of health. It helps to maintain tensions to the lowest possible level so that the body retains its capacity to adjust to life\u2019s stresses without developing dysfunction and pain.","breadcrumb":{"@id":"https:\/\/resilience-osteo.ch\/en\/#breadcrumb"},"inLanguage":"en-US","potentialAction":[{"@type":"ReadAction","target":["https:\/\/resilience-osteo.ch\/en\/"]}]},{"@type":"BreadcrumbList","@id":"https:\/\/resilience-osteo.ch\/en\/#breadcrumb","itemListElement":[{"@type":"ListItem","position":1,"name":"Home","item":"https:\/\/resilience-osteo.ch\/en\/"},{"@type":"ListItem","position":2,"name":"Home"}]},{"@type":"WebSite","@id":"https:\/\/resilience-osteo.ch\/#website","url":"https:\/\/resilience-osteo.ch\/","name":"Resilience Osteo","description":"Cabinet d&#039;ost\u00e9opathie \u00e0 Coppet - Nicolas Roost, ost\u00e9opathe","publisher":{"@id":"https:\/\/resilience-osteo.ch\/#organization"},"potentialAction":[{"@type":"SearchAction","target":{"@type":"EntryPoint","urlTemplate":"https:\/\/resilience-osteo.ch\/?s={search_term_string}"},"query-input":"required name=search_term_string"}],"inLanguage":"en-US"},{"@type":"Organization","@id":"https:\/\/resilience-osteo.ch\/#organization","name":"Resilience Osteo","url":"https:\/\/resilience-osteo.ch\/","logo":{"@type":"ImageObject","inLanguage":"en-US","@id":"https:\/\/resilience-osteo.ch\/#\/schema\/logo\/image\/","url":"https:\/\/resilience-osteo.ch\/wp-content\/uploads\/2022\/12\/logo-resilience-osteo-2.png","contentUrl":"https:\/\/resilience-osteo.ch\/wp-content\/uploads\/2022\/12\/logo-resilience-osteo-2.png","width":563,"height":201,"caption":"Resilience Osteo"},"image":{"@id":"https:\/\/resilience-osteo.ch\/#\/schema\/logo\/image\/"}}]}},"_links":{"self":[{"href":"https:\/\/resilience-osteo.ch\/en\/wp-json\/wp\/v2\/pages\/3507","targetHints":{"allow":["GET"]}}],"collection":[{"href":"https:\/\/resilience-osteo.ch\/en\/wp-json\/wp\/v2\/pages"}],"about":[{"href":"https:\/\/resilience-osteo.ch\/en\/wp-json\/wp\/v2\/types\/page"}],"author":[{"embeddable":true,"href":"https:\/\/resilience-osteo.ch\/en\/wp-json\/wp\/v2\/users\/1"}],"replies":[{"embeddable":true,"href":"https:\/\/resilience-osteo.ch\/en\/wp-json\/wp\/v2\/comments?post=3507"}],"version-history":[{"count":119,"href":"https:\/\/resilience-osteo.ch\/en\/wp-json\/wp\/v2\/pages\/3507\/revisions"}],"predecessor-version":[{"id":5367,"href":"https:\/\/resilience-osteo.ch\/en\/wp-json\/wp\/v2\/pages\/3507\/revisions\/5367"}],"wp:featuredmedia":[{"embeddable":true,"href":"https:\/\/resilience-osteo.ch\/en\/wp-json\/wp\/v2\/media\/4021"}],"wp:attachment":[{"href":"https:\/\/resilience-osteo.ch\/en\/wp-json\/wp\/v2\/media?parent=3507"}],"curies":[{"name":"wp","href":"https:\/\/api.w.org\/{rel}","templated":true}]}}