{"id":3057,"date":"2023-01-16T16:38:09","date_gmt":"2023-01-16T16:38:09","guid":{"rendered":"http:\/\/wellspring.mikado-themes.com\/?page_id=3057"},"modified":"2023-01-25T13:37:14","modified_gmt":"2023-01-25T13:37:14","slug":"contact","status":"publish","type":"page","link":"https:\/\/resilience-osteo.ch\/en\/contact\/","title":{"rendered":"Contact"},"content":{"rendered":"<section class=\"wpb-content-wrapper\"><p>[vc_row][vc_column el_class=&#8221;page-title&#8221;][vc_column_text]<\/p>\n<h2 style=\"text-align: center;\"><span style=\"color: #e3682e;\">Don&#8217;t hesitate to contact us for more information<\/span><\/h2>\n<p>[\/vc_column_text][\/vc_column][\/vc_row][vc_row css=&#8221;.vc_custom_1455802294420{padding-top: 58px !important;padding-bottom: 56px !important;}&#8221;][vc_column offset=&#8221;vc_col-lg-7 vc_col-md-6&#8243;][vc_empty_space height=&#8221;20&#8243;]\n<div class=\"wpcf7 no-js\" id=\"wpcf7-f3016-o1\" lang=\"en-US\" dir=\"ltr\" data-wpcf7-id=\"3016\">\n<div class=\"screen-reader-response\"><p role=\"status\" aria-live=\"polite\" aria-atomic=\"true\"><\/p> <ul><\/ul><\/div>\n<form action=\"\/en\/wp-json\/wp\/v2\/pages\/3057#wpcf7-f3016-o1\" method=\"post\" class=\"wpcf7-form init cf7_custom_style_3\" aria-label=\"Contact form\" novalidate=\"novalidate\" data-status=\"init\">\n<fieldset class=\"hidden-fields-container\"><input type=\"hidden\" name=\"_wpcf7\" value=\"3016\" \/><input type=\"hidden\" name=\"_wpcf7_version\" value=\"6.1.5\" \/><input type=\"hidden\" name=\"_wpcf7_locale\" value=\"en_US\" \/><input type=\"hidden\" name=\"_wpcf7_unit_tag\" value=\"wpcf7-f3016-o1\" \/><input type=\"hidden\" name=\"_wpcf7_container_post\" value=\"0\" \/><input type=\"hidden\" name=\"_wpcf7_posted_data_hash\" value=\"\" \/><input type=\"hidden\" name=\"_wpcf7_recaptcha_response\" value=\"\" \/>\n<\/fieldset>\n<div class=\"mkdf-two-columns-50-50\">\n\t<div class=\"mkdf-two-columns-50-50-inner\">\n\t\t<div class=\"mkdf-column\">\n\t\t\t<div class=\"mkdf-column-inner\">\n\t\t\t\t<p><span class=\"wpcf7-form-control-wrap\" data-name=\"first-name\"><input size=\"40\" maxlength=\"400\" class=\"wpcf7-form-control wpcf7-text wpcf7-validates-as-required\" aria-required=\"true\" aria-invalid=\"false\" placeholder=\"First name*\" value=\"\" type=\"text\" name=\"first-name\" \/><\/span>\n\t\t\t\t<\/p>\n\t\t\t<\/div>\n\t\t<\/div>\n\t\t<div class=\"mkdf-column\">\n\t\t\t<div class=\"mkdf-column-inner\">\n\t\t\t\t<p><span class=\"wpcf7-form-control-wrap\" data-name=\"last-name\"><input size=\"40\" maxlength=\"400\" class=\"wpcf7-form-control wpcf7-text wpcf7-validates-as-required\" aria-required=\"true\" aria-invalid=\"false\" placeholder=\"Last name*\" value=\"\" type=\"text\" name=\"last-name\" \/><\/span>\n\t\t\t\t<\/p>\n\t\t\t<\/div>\n\t\t<\/div>\n\t<\/div>\n<\/div>\n<div class=\"mkdf-two-columns-50-50\">\n\t<div class=\"mkdf-two-columns-50-50-inner\">\n\t\t<div class=\"mkdf-column\">\n\t\t\t<div class=\"mkdf-column-inner\">\n\t\t\t\t<p><span class=\"wpcf7-form-control-wrap\" data-name=\"your-email\"><input size=\"40\" maxlength=\"400\" class=\"wpcf7-form-control wpcf7-email wpcf7-validates-as-required wpcf7-text wpcf7-validates-as-email\" aria-required=\"true\" aria-invalid=\"false\" placeholder=\"Email*\" value=\"\" type=\"email\" name=\"your-email\" \/><\/span>\n\t\t\t\t<\/p>\n\t\t\t<\/div>\n\t\t<\/div>\n\t\t<div class=\"mkdf-column\">\n\t\t\t<div class=\"mkdf-column-inner\">\n\t\t\t\t<p><span class=\"wpcf7-form-control-wrap\" data-name=\"your-phone\"><input size=\"40\" maxlength=\"400\" class=\"wpcf7-form-control wpcf7-text\" aria-invalid=\"false\" placeholder=\"Phone\" value=\"\" type=\"text\" name=\"your-phone\" \/><\/span>\n\t\t\t\t<\/p>\n\t\t\t<\/div>\n\t\t<\/div>\n\t<\/div>\n<\/div>\n<div>\n\t<p><span class=\"wpcf7-form-control-wrap\" data-name=\"your-message\"><textarea cols=\"40\" rows=\"10\" maxlength=\"2000\" class=\"wpcf7-form-control wpcf7-textarea wpcf7-validates-as-required\" aria-required=\"true\" aria-invalid=\"false\" placeholder=\"Type your message...\" name=\"your-message\"><\/textarea><\/span>\n\t<\/p>\n<\/div>\n<div>\n\t<p><input class=\"wpcf7-form-control wpcf7-submit has-spinner\" type=\"submit\" value=\"Submit\" \/>\n\t<\/p>\n<\/div><div class=\"wpcf7-response-output\" aria-hidden=\"true\"><\/div>\n<\/form>\n<\/div>\n[vc_empty_space height=&#8221;40&#8243;][\/vc_column][vc_column width=&#8221;2\/3&#8243; offset=&#8221;vc_col-lg-5 vc_col-md-6&#8243;][vc_empty_space height=&#8221;35&#8243;][vc_column_text]Please avoid using this contact form to ask for an appointment. Check our online booking system instead (green button at the top of the page).[\/vc_column_text][vc_empty_space height=&#8221;75&#8243;][vc_column_text]<\/p>\n<h3><span style=\"color: #e3682e;\">Resilience Osteo<\/span><\/h3>\n<p>[\/vc_column_text][vc_empty_space height=&#8221;20&#8243;]<div  class=\"mkdf-icon-list-item mkdf-icon-list-item-default-font-family\">\n\t<div class=\"mkdf-icon-list-icon-holder\">\n        <div class=\"mkdf-icon-list-icon-holder-inner clearfix\">\n\t\t\t<i class=\"mkdf-icon-linear-icon lnr lnr-apartment \" style=\"color:#545454;font-size:18px\" ><\/i>\t\t<\/div>\n\t<\/div>\n\t<p class=\"mkdf-icon-list-text\" style=\"font-size:12px\" > Place des Perri\u00e8res 6, 1296 Coppet<\/p>\n<\/div><div  class=\"mkdf-icon-list-item mkdf-icon-list-item-default-font-family\">\n\t<div class=\"mkdf-icon-list-icon-holder\">\n        <div class=\"mkdf-icon-list-icon-holder-inner clearfix\">\n\t\t\t<i class=\"mkdf-icon-linear-icon lnr lnr-bubble \" style=\"color:#545454;font-size:18px\" ><\/i>\t\t<\/div>\n\t<\/div>\n\t<p class=\"mkdf-icon-list-text\" style=\"font-size:12px\" > hello@resilience-osteo.ch<\/p>\n<\/div><div  class=\"mkdf-icon-list-item mkdf-icon-list-item-default-font-family\">\n\t<div class=\"mkdf-icon-list-icon-holder\">\n        <div class=\"mkdf-icon-list-icon-holder-inner clearfix\">\n\t\t\t<i class=\"mkdf-icon-linear-icon lnr lnr-phone-handset \" style=\"color:#545454;font-size:18px\" ><\/i>\t\t<\/div>\n\t<\/div>\n\t<p class=\"mkdf-icon-list-text\" style=\"font-size:12px\" > 022 558 83 83<\/p>\n<\/div>[vc_empty_space height=&#8221;20&#8243;][\/vc_column][\/vc_row][vc_row css=&#8221;.vc_custom_1674653815779{padding-bottom: 50px !important;}&#8221;][vc_column width=&#8221;1\/2&#8243;][vc_column_text]Our clinic is easily accessible, being just a few minutes\u2019 walk from the Coppet train station (with Geneva or Nyon only about 10 min. away!). There is plenty of visitor parking available for those driving.[\/vc_column_text][vc_empty_space height=&#8221;50px&#8221; phone_landscape=&#8221;30px&#8221; phone_portrait=&#8221;30px&#8221;]<div class=\"mkdf-google-map-holder\">\n\t<div class=\"mkdf-google-map\" id=\"mkdf-map-2007372\" data-addresses='[\"Place des Perri\u00e8res 6, 1296 Coppet\"]' data-custom-map-style=false data-color-overlay=#393939 data-saturation=-100 data-lightness=-60 data-zoom=15 data-pin=https:\/\/resilience-osteo.ch\/wp-content\/themes\/wellspring\/assets\/img\/pin.png data-unique-id=2007372 data-scroll-wheel=true data-height=300px><\/div>\n\t<\/div>\n[\/vc_column][vc_column width=&#8221;1\/2&#8243;][vc_column_text]<span lang=\"en-US\">The clinic is located along the Perri\u00e8res\u2019 ground floor commercial arcade, between entrances number 6 and 7.<\/span>[\/vc_column_text][vc_empty_space height=&#8221;75px&#8221; phone_landscape=&#8221;30px&#8221; phone_portrait=&#8221;30px&#8221;][vc_single_image image=&#8221;4820&#8243; img_size=&#8221;full&#8221;][\/vc_column][\/vc_row]<\/p>\n<\/section>","protected":false},"excerpt":{"rendered":"<p>[vc_row][vc_column el_class=&#8221;page-title&#8221;][vc_column_text] Don&#8217;t hesitate to contact us for more information [\/vc_column_text][\/vc_column][\/vc_row][vc_row css=&#8221;.vc_custom_1455802294420{padding-top: 58px !important;padding-bottom: 56px !important;}&#8221;][vc_column offset=&#8221;vc_col-lg-7 vc_col-md-6&#8243;][vc_empty_space height=&#8221;20&#8243;][vc_empty_space height=&#8221;40&#8243;][\/vc_column][vc_column width=&#8221;2\/3&#8243; offset=&#8221;vc_col-lg-5 vc_col-md-6&#8243;][vc_empty_space height=&#8221;35&#8243;][vc_column_text]Please avoid using this contact form to ask for&#8230;<\/p>\n","protected":false},"author":1,"featured_media":4779,"parent":0,"menu_order":0,"comment_status":"closed","ping_status":"closed","template":"","meta":{"footnotes":""},"class_list":["post-3057","page","type-page","status-publish","has-post-thumbnail","hentry"],"yoast_head":"<!-- This site is optimized with the Yoast SEO plugin v19.14 - https:\/\/yoast.com\/wordpress\/plugins\/seo\/ -->\n<title>Contact - Resilience Osteo<\/title>\n<meta name=\"description\" content=\"Our clinic is easily accessible, being just a few minutes from the Coppet train station. There is plenty of public parking available.\" \/>\n<meta name=\"robots\" content=\"index, follow, max-snippet:-1, max-image-preview:large, max-video-preview:-1\" \/>\n<link rel=\"canonical\" href=\"https:\/\/resilience-osteo.ch\/contact\/\" \/>\n<meta property=\"og:locale\" content=\"en_US\" \/>\n<meta property=\"og:type\" content=\"article\" \/>\n<meta property=\"og:title\" content=\"Contact - Resilience Osteo\" \/>\n<meta property=\"og:description\" content=\"Our clinic is easily accessible, being just a few minutes from the Coppet train station. There is plenty of public parking available.\" \/>\n<meta property=\"og:url\" content=\"https:\/\/resilience-osteo.ch\/contact\/\" \/>\n<meta property=\"og:site_name\" content=\"Resilience Osteo\" \/>\n<meta property=\"article:modified_time\" content=\"2023-01-25T13:37:14+00:00\" \/>\n<meta property=\"og:image\" content=\"https:\/\/resilience-osteo.ch\/wp-content\/uploads\/2023\/01\/Perrieres-2.jpg\" \/>\n\t<meta property=\"og:image:width\" content=\"1436\" \/>\n\t<meta property=\"og:image:height\" content=\"465\" \/>\n\t<meta property=\"og:image:type\" content=\"image\/jpeg\" \/>\n<meta name=\"twitter:card\" content=\"summary_large_image\" \/>\n<meta name=\"twitter:label1\" content=\"Est. reading time\" \/>\n\t<meta name=\"twitter:data1\" content=\"1 minute\" \/>\n<script type=\"application\/ld+json\" class=\"yoast-schema-graph\">{\"@context\":\"https:\/\/schema.org\",\"@graph\":[{\"@type\":\"WebPage\",\"@id\":\"https:\/\/resilience-osteo.ch\/contact\/\",\"url\":\"https:\/\/resilience-osteo.ch\/contact\/\",\"name\":\"Contact - Resilience Osteo\",\"isPartOf\":{\"@id\":\"https:\/\/resilience-osteo.ch\/#website\"},\"datePublished\":\"2023-01-16T16:38:09+00:00\",\"dateModified\":\"2023-01-25T13:37:14+00:00\",\"description\":\"Our clinic is easily accessible, being just a few minutes from the Coppet train station. There is plenty of public parking available.\",\"breadcrumb\":{\"@id\":\"https:\/\/resilience-osteo.ch\/contact\/#breadcrumb\"},\"inLanguage\":\"en-US\",\"potentialAction\":[{\"@type\":\"ReadAction\",\"target\":[\"https:\/\/resilience-osteo.ch\/contact\/\"]}]},{\"@type\":\"BreadcrumbList\",\"@id\":\"https:\/\/resilience-osteo.ch\/contact\/#breadcrumb\",\"itemListElement\":[{\"@type\":\"ListItem\",\"position\":1,\"name\":\"Home\",\"item\":\"https:\/\/resilience-osteo.ch\/en\/\"},{\"@type\":\"ListItem\",\"position\":2,\"name\":\"Contact\"}]},{\"@type\":\"WebSite\",\"@id\":\"https:\/\/resilience-osteo.ch\/#website\",\"url\":\"https:\/\/resilience-osteo.ch\/\",\"name\":\"Resilience Osteo\",\"description\":\"Cabinet d&#039;ost\u00e9opathie \u00e0 Coppet - Nicolas Roost, ost\u00e9opathe\",\"publisher\":{\"@id\":\"https:\/\/resilience-osteo.ch\/#organization\"},\"potentialAction\":[{\"@type\":\"SearchAction\",\"target\":{\"@type\":\"EntryPoint\",\"urlTemplate\":\"https:\/\/resilience-osteo.ch\/?s={search_term_string}\"},\"query-input\":\"required name=search_term_string\"}],\"inLanguage\":\"en-US\"},{\"@type\":\"Organization\",\"@id\":\"https:\/\/resilience-osteo.ch\/#organization\",\"name\":\"Resilience Osteo\",\"url\":\"https:\/\/resilience-osteo.ch\/\",\"logo\":{\"@type\":\"ImageObject\",\"inLanguage\":\"en-US\",\"@id\":\"https:\/\/resilience-osteo.ch\/#\/schema\/logo\/image\/\",\"url\":\"https:\/\/resilience-osteo.ch\/wp-content\/uploads\/2022\/12\/logo-resilience-osteo-2.png\",\"contentUrl\":\"https:\/\/resilience-osteo.ch\/wp-content\/uploads\/2022\/12\/logo-resilience-osteo-2.png\",\"width\":563,\"height\":201,\"caption\":\"Resilience Osteo\"},\"image\":{\"@id\":\"https:\/\/resilience-osteo.ch\/#\/schema\/logo\/image\/\"}}]}<\/script>\n<!-- \/ Yoast SEO plugin. -->","yoast_head_json":{"title":"Contact - Resilience Osteo","description":"Our clinic is easily accessible, being just a few minutes from the Coppet train station. There is plenty of public parking available.","robots":{"index":"index","follow":"follow","max-snippet":"max-snippet:-1","max-image-preview":"max-image-preview:large","max-video-preview":"max-video-preview:-1"},"canonical":"https:\/\/resilience-osteo.ch\/contact\/","og_locale":"en_US","og_type":"article","og_title":"Contact - Resilience Osteo","og_description":"Our clinic is easily accessible, being just a few minutes from the Coppet train station. There is plenty of public parking available.","og_url":"https:\/\/resilience-osteo.ch\/contact\/","og_site_name":"Resilience Osteo","article_modified_time":"2023-01-25T13:37:14+00:00","og_image":[{"width":1436,"height":465,"url":"https:\/\/resilience-osteo.ch\/wp-content\/uploads\/2023\/01\/Perrieres-2.jpg","type":"image\/jpeg"}],"twitter_card":"summary_large_image","twitter_misc":{"Est. reading time":"1 minute"},"schema":{"@context":"https:\/\/schema.org","@graph":[{"@type":"WebPage","@id":"https:\/\/resilience-osteo.ch\/contact\/","url":"https:\/\/resilience-osteo.ch\/contact\/","name":"Contact - Resilience Osteo","isPartOf":{"@id":"https:\/\/resilience-osteo.ch\/#website"},"datePublished":"2023-01-16T16:38:09+00:00","dateModified":"2023-01-25T13:37:14+00:00","description":"Our clinic is easily accessible, being just a few minutes from the Coppet train station. There is plenty of public parking available.","breadcrumb":{"@id":"https:\/\/resilience-osteo.ch\/contact\/#breadcrumb"},"inLanguage":"en-US","potentialAction":[{"@type":"ReadAction","target":["https:\/\/resilience-osteo.ch\/contact\/"]}]},{"@type":"BreadcrumbList","@id":"https:\/\/resilience-osteo.ch\/contact\/#breadcrumb","itemListElement":[{"@type":"ListItem","position":1,"name":"Home","item":"https:\/\/resilience-osteo.ch\/en\/"},{"@type":"ListItem","position":2,"name":"Contact"}]},{"@type":"WebSite","@id":"https:\/\/resilience-osteo.ch\/#website","url":"https:\/\/resilience-osteo.ch\/","name":"Resilience Osteo","description":"Cabinet d&#039;ost\u00e9opathie \u00e0 Coppet - Nicolas Roost, ost\u00e9opathe","publisher":{"@id":"https:\/\/resilience-osteo.ch\/#organization"},"potentialAction":[{"@type":"SearchAction","target":{"@type":"EntryPoint","urlTemplate":"https:\/\/resilience-osteo.ch\/?s={search_term_string}"},"query-input":"required name=search_term_string"}],"inLanguage":"en-US"},{"@type":"Organization","@id":"https:\/\/resilience-osteo.ch\/#organization","name":"Resilience Osteo","url":"https:\/\/resilience-osteo.ch\/","logo":{"@type":"ImageObject","inLanguage":"en-US","@id":"https:\/\/resilience-osteo.ch\/#\/schema\/logo\/image\/","url":"https:\/\/resilience-osteo.ch\/wp-content\/uploads\/2022\/12\/logo-resilience-osteo-2.png","contentUrl":"https:\/\/resilience-osteo.ch\/wp-content\/uploads\/2022\/12\/logo-resilience-osteo-2.png","width":563,"height":201,"caption":"Resilience Osteo"},"image":{"@id":"https:\/\/resilience-osteo.ch\/#\/schema\/logo\/image\/"}}]}},"_links":{"self":[{"href":"https:\/\/resilience-osteo.ch\/en\/wp-json\/wp\/v2\/pages\/3057","targetHints":{"allow":["GET"]}}],"collection":[{"href":"https:\/\/resilience-osteo.ch\/en\/wp-json\/wp\/v2\/pages"}],"about":[{"href":"https:\/\/resilience-osteo.ch\/en\/wp-json\/wp\/v2\/types\/page"}],"author":[{"embeddable":true,"href":"https:\/\/resilience-osteo.ch\/en\/wp-json\/wp\/v2\/users\/1"}],"replies":[{"embeddable":true,"href":"https:\/\/resilience-osteo.ch\/en\/wp-json\/wp\/v2\/comments?post=3057"}],"version-history":[{"count":71,"href":"https:\/\/resilience-osteo.ch\/en\/wp-json\/wp\/v2\/pages\/3057\/revisions"}],"predecessor-version":[{"id":4171,"href":"https:\/\/resilience-osteo.ch\/en\/wp-json\/wp\/v2\/pages\/3057\/revisions\/4171"}],"wp:featuredmedia":[{"embeddable":true,"href":"https:\/\/resilience-osteo.ch\/en\/wp-json\/wp\/v2\/media\/4779"}],"wp:attachment":[{"href":"https:\/\/resilience-osteo.ch\/en\/wp-json\/wp\/v2\/media?parent=3057"}],"curies":[{"name":"wp","href":"https:\/\/api.w.org\/{rel}","templated":true}]}}